{"id":164,"date":"2017-12-04T03:47:05","date_gmt":"2017-12-04T03:47:05","guid":{"rendered":"http:\/\/students.upra.edu\/?page_id=164"},"modified":"2018-03-09T20:21:27","modified_gmt":"2018-03-09T20:21:27","slug":"estudiantes","status":"publish","type":"page","link":"https:\/\/students.upra.edu\/index.php\/estudiantes\/","title":{"rendered":"Estudiantes"},"content":{"rendered":"<h3><span style=\"color: #003366;\">Estudiantes<\/span><\/h3>\n<p><i>STUDENTS<\/i>&nbsp;ofrece talleres a los estudiantes con el objetivo de reforzar contenidos medulares de los cursos. Esto, a trav\u00e9s de herramientas tecnol\u00f3gicas o de t\u00e9cnicas innovadoras que les permiten ser m\u00e1s efectivos y eficientes en su proceso de aprendizaje.<\/p>\n<p>Al igual que los talleres a facultad, \u00e9stos se ofrecen durante el semestre acad\u00e9mico. Sin embargo, son exclusivos para nuestros alumnos. Los estudiantes interesados en nuestros talleres deber\u00e1n registrarse a trav\u00e9s de los enlaces que se publican en nuestras promociones mediante El Cartero El Lobo.<\/p>\n<p>&nbsp;<\/p>\n","protected":false},"excerpt":{"rendered":"<p>Estudiantes STUDENTS&nbsp;ofrece talleres a los estudiantes con el objetivo de reforzar contenidos medulares de los cursos. Esto, a trav\u00e9s de herramientas tecnol\u00f3gicas o de t\u00e9cnicas innovadoras que les permiten ser m\u00e1s efectivos y eficientes en su proceso de aprendizaje. Al igual que los talleres a facultad, \u00e9stos se ofrecen durante el semestre acad\u00e9mico. Sin embargo, [&hellip;]<\/p>\n","protected":false},"author":4,"featured_media":0,"parent":0,"menu_order":0,"comment_status":"closed","ping_status":"closed","template":"","meta":{"ngg_post_thumbnail":0,"footnotes":""},"class_list":["post-164","page","type-page","status-publish","hentry"],"_links":{"self":[{"href":"https:\/\/students.upra.edu\/index.php\/wp-json\/wp\/v2\/pages\/164","targetHints":{"allow":["GET"]}}],"collection":[{"href":"https:\/\/students.upra.edu\/index.php\/wp-json\/wp\/v2\/pages"}],"about":[{"href":"https:\/\/students.upra.edu\/index.php\/wp-json\/wp\/v2\/types\/page"}],"author":[{"embeddable":true,"href":"https:\/\/students.upra.edu\/index.php\/wp-json\/wp\/v2\/users\/4"}],"replies":[{"embeddable":true,"href":"https:\/\/students.upra.edu\/index.php\/wp-json\/wp\/v2\/comments?post=164"}],"version-history":[{"count":7,"href":"https:\/\/students.upra.edu\/index.php\/wp-json\/wp\/v2\/pages\/164\/revisions"}],"predecessor-version":[{"id":846,"href":"https:\/\/students.upra.edu\/index.php\/wp-json\/wp\/v2\/pages\/164\/revisions\/846"}],"wp:attachment":[{"href":"https:\/\/students.upra.edu\/index.php\/wp-json\/wp\/v2\/media?parent=164"}],"curies":[{"name":"wp","href":"https:\/\/api.w.org\/{rel}","templated":true}]}}